{"id":1034,"date":"2024-05-30T17:52:54","date_gmt":"2024-05-30T17:52:54","guid":{"rendered":"https:\/\/north.md\/?page_id=1034"},"modified":"2024-05-30T17:53:36","modified_gmt":"2024-05-30T17:53:36","slug":"pantofi-barbati","status":"publish","type":"page","link":"https:\/\/north.md\/ro\/pantofi-barbati\/","title":{"rendered":"Pantofi pentru b\u0103rba\u021bi"},"content":{"rendered":"<div data-elementor-type=\"wp-page\" data-elementor-id=\"1034\" class=\"elementor elementor-1034\">\n\t\t\t\t\t\t<section class=\"elementor-section elementor-top-section elementor-element elementor-element-acb44b0 elementor-section-boxed elementor-section-height-default elementor-section-height-default\" data-id=\"acb44b0\" data-element_type=\"section\" data-settings=\"{&quot;background_background&quot;:&quot;classic&quot;}\">\n\t\t\t\t\t\t\t<div class=\"elementor-background-overlay\"><\/div>\n\t\t\t\t\t\t\t<div class=\"elementor-container elementor-column-gap-default\">\n\t\t\t\t\t<div class=\"elementor-column elementor-col-100 elementor-top-column elementor-element elementor-element-8c28472\" data-id=\"8c28472\" data-element_type=\"column\">\n\t\t\t<div class=\"elementor-widget-wrap elementor-element-populated\">\n\t\t\t\t\t\t<div class=\"elementor-element elementor-element-5f7906f elementor-widget elementor-widget-heading\" data-id=\"5f7906f\" data-element_type=\"widget\" data-widget_type=\"heading.default\">\n\t\t\t\t\t<h2 class=\"elementor-heading-title elementor-size-default\">Pantofi pentru b\u0103rba\u021bi<\/h2>\t\t\t\t<\/div>\n\t\t\t\t<div class=\"elementor-element elementor-element-51793f0 elementor-widget__width-initial elementor-widget elementor-widget-text-editor\" data-id=\"51793f0\" data-element_type=\"widget\" data-widget_type=\"text-editor.default\">\n\t\t\t\t\t\t\t\t\t<p>NORTH Bussiness &amp; Shopping - Aici ve\u021bi g\u0103si o gam\u0103 larg\u0103 de bunuri \u0219i servicii pentru afaceri \u0219i pentru via\u021ba de zi cu zi.<\/p>\t\t\t\t\t\t\t\t<\/div>\n\t\t\t\t\t<\/div>\n\t\t<\/div>\n\t\t\t\t\t<\/div>\n\t\t<\/section>\n\t\t<div class=\"elementor-element elementor-element-b3eb091 e-flex e-con-boxed e-con e-parent\" data-id=\"b3eb091\" data-element_type=\"container\">\n\t\t\t\t\t<div class=\"e-con-inner\">\n\t\t\t\t<div class=\"elementor-element elementor-element-9500398 elementor-posts__hover-none elementor-grid-4 elementor-grid-tablet-2 elementor-grid-mobile-1 elementor-posts--thumbnail-top elementor-card-shadow-yes elementor-widget elementor-widget-posts\" data-id=\"9500398\" data-element_type=\"widget\" data-settings=\"{&quot;pagination_type&quot;:&quot;load_more_infinite_scroll&quot;,&quot;cards_columns&quot;:&quot;4&quot;,&quot;cards_columns_tablet&quot;:&quot;2&quot;,&quot;cards_columns_mobile&quot;:&quot;1&quot;,&quot;cards_row_gap&quot;:{&quot;unit&quot;:&quot;px&quot;,&quot;size&quot;:35,&quot;sizes&quot;:[]},&quot;cards_row_gap_tablet&quot;:{&quot;unit&quot;:&quot;px&quot;,&quot;size&quot;:&quot;&quot;,&quot;sizes&quot;:[]},&quot;cards_row_gap_mobile&quot;:{&quot;unit&quot;:&quot;px&quot;,&quot;size&quot;:&quot;&quot;,&quot;sizes&quot;:[]},&quot;load_more_spinner&quot;:{&quot;value&quot;:&quot;fas fa-spinner&quot;,&quot;library&quot;:&quot;fa-solid&quot;}}\" data-widget_type=\"posts.cards\">\n\t\t\t\t<div class=\"elementor-widget-container\">\n\t\t\t\t\t\t\t<div class=\"elementor-posts-container elementor-posts elementor-posts--skin-cards elementor-grid\">\n\t\t\t\t<article class=\"elementor-post elementor-grid-item post-796 magazin type-magazin status-publish has-post-thumbnail hentry category-pantofi-femei category-haine-femei category-pantofi-barbati category-haine-barbati\">\n\t\t\t<div class=\"elementor-post__card\">\n\t\t\t\t<a class=\"elementor-post__thumbnail__link\" href=\"https:\/\/north.md\/ro\/magazin\/go-sport\/\" ><div class=\"elementor-post__thumbnail\"><img fetchpriority=\"high\" decoding=\"async\" width=\"2560\" height=\"1922\" src=\"https:\/\/north.md\/wp-content\/uploads\/2024\/05\/IMG_20240519_111149-scaled.jpg\" class=\"attachment-full size-full wp-image-797\" alt=\"\" srcset=\"https:\/\/north.md\/wp-content\/uploads\/2024\/05\/IMG_20240519_111149-scaled.jpg 2560w, https:\/\/north.md\/wp-content\/uploads\/2024\/05\/IMG_20240519_111149-300x225.jpg 300w, https:\/\/north.md\/wp-content\/uploads\/2024\/05\/IMG_20240519_111149-1024x769.jpg 1024w, https:\/\/north.md\/wp-content\/uploads\/2024\/05\/IMG_20240519_111149-768x577.jpg 768w, https:\/\/north.md\/wp-content\/uploads\/2024\/05\/IMG_20240519_111149-1536x1153.jpg 1536w, https:\/\/north.md\/wp-content\/uploads\/2024\/05\/IMG_20240519_111149-2048x1538.jpg 2048w, https:\/\/north.md\/wp-content\/uploads\/2024\/05\/IMG_20240519_111149-16x12.jpg 16w\" sizes=\"(max-width: 2560px) 100vw, 2560px\" \/><\/div><\/a>\n\t\t\t\t<div class=\"elementor-post__text\">\n\t\t\t\t<h3 class=\"elementor-post__title\">\n\t\t\t<a href=\"https:\/\/north.md\/ro\/magazin\/go-sport\/\" >\n\t\t\t\tGO Sport\t\t\t<\/a>\n\t\t<\/h3>\n\t\t\t\t<div class=\"elementor-post__excerpt\">\n\t\t\t<p>GO Sport &#8212; \u043c\u0430\u0433\u0430\u0437\u0438\u043d \u0441\u043f\u043e\u0440\u0442\u0438\u0432\u043d\u044b\u0445 \u0442\u043e\u0432\u0430\u0440\u043e\u0432 \u0432 \u043a\u043e\u0442\u043e\u0440\u043e\u043c \u043f\u0440\u0435\u0434\u0441\u0442\u0430\u0432\u043b\u0435\u043d \u0448\u0438\u0440\u043e\u043a\u0438\u0439<\/p>\n\t\t<\/div>\n\t\t\t\t<\/div>\n\t\t\t\t\t<\/div>\n\t\t<\/article>\n\t\t\t\t<article class=\"elementor-post elementor-grid-item post-757 magazin type-magazin status-publish has-post-thumbnail hentry category-haine-copii category-pantofi-femei category-pantofi-barbati\">\n\t\t\t<div class=\"elementor-post__card\">\n\t\t\t\t<a class=\"elementor-post__thumbnail__link\" href=\"https:\/\/north.md\/ro\/magazin\/weestep\/\" ><div class=\"elementor-post__thumbnail\"><img decoding=\"async\" width=\"1280\" height=\"961\" src=\"https:\/\/north.md\/wp-content\/uploads\/2024\/05\/IMAGE-2024-05-27-13708-\u041f\u041f.jpg\" class=\"attachment-full size-full wp-image-758\" alt=\"\" srcset=\"https:\/\/north.md\/wp-content\/uploads\/2024\/05\/IMAGE-2024-05-27-13708-\u041f\u041f.jpg 1280w, https:\/\/north.md\/wp-content\/uploads\/2024\/05\/IMAGE-2024-05-27-13708-\u041f\u041f-300x225.jpg 300w, https:\/\/north.md\/wp-content\/uploads\/2024\/05\/IMAGE-2024-05-27-13708-\u041f\u041f-1024x769.jpg 1024w, https:\/\/north.md\/wp-content\/uploads\/2024\/05\/IMAGE-2024-05-27-13708-\u041f\u041f-768x577.jpg 768w, https:\/\/north.md\/wp-content\/uploads\/2024\/05\/IMAGE-2024-05-27-13708-\u041f\u041f-16x12.jpg 16w\" sizes=\"(max-width: 1280px) 100vw, 1280px\" \/><\/div><\/a>\n\t\t\t\t<div class=\"elementor-post__text\">\n\t\t\t\t<h3 class=\"elementor-post__title\">\n\t\t\t<a href=\"https:\/\/north.md\/ro\/magazin\/weestep\/\" >\n\t\t\t\tWEESTEP\t\t\t<\/a>\n\t\t<\/h3>\n\t\t\t\t<div class=\"elementor-post__excerpt\">\n\t\t\t<p>WEESTEP &#8212; \u041c\u0430\u0433\u0430\u0437\u0438\u043d \u043c\u0443\u0436\u0441\u043a\u043e\u0439, \u0436\u0435\u043d\u0441\u043a\u043e\u0439 \u0438 \u0434\u0435\u0442\u0441\u043a\u043e\u0439 \u043e\u0431\u0443\u0432\u0438 \u043e\u0442 \u0441\u043f\u043e\u0440\u0442\u0438\u0432\u043d\u044b\u0445<\/p>\n\t\t<\/div>\n\t\t\t\t<\/div>\n\t\t\t\t\t<\/div>\n\t\t<\/article>\n\t\t\t\t<article class=\"elementor-post elementor-grid-item post-753 magazin type-magazin status-publish has-post-thumbnail hentry category-pantofi-barbati category-haine-barbati\">\n\t\t\t<div class=\"elementor-post__card\">\n\t\t\t\t<a class=\"elementor-post__thumbnail__link\" href=\"https:\/\/north.md\/ro\/magazin\/jeans-house\/\" ><div class=\"elementor-post__thumbnail\"><img decoding=\"async\" width=\"2560\" height=\"1922\" src=\"https:\/\/north.md\/wp-content\/uploads\/2024\/05\/IMG_20240519_110927-scaled.jpg\" class=\"attachment-full size-full wp-image-754\" alt=\"\" srcset=\"https:\/\/north.md\/wp-content\/uploads\/2024\/05\/IMG_20240519_110927-scaled.jpg 2560w, https:\/\/north.md\/wp-content\/uploads\/2024\/05\/IMG_20240519_110927-300x225.jpg 300w, https:\/\/north.md\/wp-content\/uploads\/2024\/05\/IMG_20240519_110927-1024x769.jpg 1024w, https:\/\/north.md\/wp-content\/uploads\/2024\/05\/IMG_20240519_110927-768x577.jpg 768w, https:\/\/north.md\/wp-content\/uploads\/2024\/05\/IMG_20240519_110927-1536x1153.jpg 1536w, https:\/\/north.md\/wp-content\/uploads\/2024\/05\/IMG_20240519_110927-2048x1538.jpg 2048w, https:\/\/north.md\/wp-content\/uploads\/2024\/05\/IMG_20240519_110927-16x12.jpg 16w\" sizes=\"(max-width: 2560px) 100vw, 2560px\" \/><\/div><\/a>\n\t\t\t\t<div class=\"elementor-post__text\">\n\t\t\t\t<h3 class=\"elementor-post__title\">\n\t\t\t<a href=\"https:\/\/north.md\/ro\/magazin\/jeans-house\/\" >\n\t\t\t\tJeans House\t\t\t<\/a>\n\t\t<\/h3>\n\t\t\t\t<div class=\"elementor-post__excerpt\">\n\t\t\t<p>Jeans House &#8212;\u00a0\u0421\u043f\u043e\u0440\u0442\u0438\u0432\u043d\u0430\u044f \u0438 \u043f\u043e\u0432\u0441\u0435\u0434\u043d\u0435\u0432\u043d\u0430\u044f \u043e\u0434\u0435\u0436\u0434\u0430 \u0434\u043b\u044f \u043c\u0443\u0436\u0447\u0438\u043d<\/p>\n\t\t<\/div>\n\t\t\t\t<\/div>\n\t\t\t\t\t<\/div>\n\t\t<\/article>\n\t\t\t\t<article class=\"elementor-post elementor-grid-item post-745 magazin type-magazin status-publish has-post-thumbnail hentry category-pantofi-barbati category-haine-barbati\">\n\t\t\t<div class=\"elementor-post__card\">\n\t\t\t\t<a class=\"elementor-post__thumbnail__link\" href=\"https:\/\/north.md\/ro\/magazin\/tata-si-fiul\/\" ><div class=\"elementor-post__thumbnail\"><img loading=\"lazy\" decoding=\"async\" width=\"1280\" height=\"961\" src=\"https:\/\/north.md\/wp-content\/uploads\/2024\/05\/IMAGE-2024-05-27-125328-\u041f\u041f.jpg\" class=\"attachment-full size-full wp-image-746\" alt=\"\" srcset=\"https:\/\/north.md\/wp-content\/uploads\/2024\/05\/IMAGE-2024-05-27-125328-\u041f\u041f.jpg 1280w, https:\/\/north.md\/wp-content\/uploads\/2024\/05\/IMAGE-2024-05-27-125328-\u041f\u041f-300x225.jpg 300w, https:\/\/north.md\/wp-content\/uploads\/2024\/05\/IMAGE-2024-05-27-125328-\u041f\u041f-1024x769.jpg 1024w, https:\/\/north.md\/wp-content\/uploads\/2024\/05\/IMAGE-2024-05-27-125328-\u041f\u041f-768x577.jpg 768w, https:\/\/north.md\/wp-content\/uploads\/2024\/05\/IMAGE-2024-05-27-125328-\u041f\u041f-16x12.jpg 16w\" sizes=\"(max-width: 1280px) 100vw, 1280px\" \/><\/div><\/a>\n\t\t\t\t<div class=\"elementor-post__text\">\n\t\t\t\t<h3 class=\"elementor-post__title\">\n\t\t\t<a href=\"https:\/\/north.md\/ro\/magazin\/tata-si-fiul\/\" >\n\t\t\t\tTATA \u0218I FIUL\t\t\t<\/a>\n\t\t<\/h3>\n\t\t\t\t<div class=\"elementor-post__excerpt\">\n\t\t\t<p>TATA \u0218I FIUL &#8212; \u041c\u0443\u0436\u0441\u043a\u0430\u044f \u043e\u0434\u0435\u0436\u0434\u0430 \u0434\u043b\u044f \u0432\u0437\u0440\u043e\u0441\u043b\u044b\u0445 \u0438 \u043f\u043e\u0434\u0440\u043e\u0441\u0442\u043a\u043e\u0432<\/p>\n\t\t<\/div>\n\t\t\t\t<\/div>\n\t\t\t\t\t<\/div>\n\t\t<\/article>\n\t\t\t\t<article class=\"elementor-post elementor-grid-item post-725 magazin type-magazin status-publish has-post-thumbnail hentry category-jucarii category-pantofi-femei category-pantofi-barbati\">\n\t\t\t<div class=\"elementor-post__card\">\n\t\t\t\t<a class=\"elementor-post__thumbnail__link\" href=\"https:\/\/north.md\/ro\/magazin\/incaltaminte-barbati-femei-copii\/\" ><div class=\"elementor-post__thumbnail\"><img loading=\"lazy\" decoding=\"async\" width=\"1280\" height=\"961\" src=\"https:\/\/north.md\/wp-content\/uploads\/2024\/05\/IMAGE-2024-05-27-121415-\u041f\u041f.jpg\" class=\"attachment-full size-full wp-image-726\" alt=\"\" srcset=\"https:\/\/north.md\/wp-content\/uploads\/2024\/05\/IMAGE-2024-05-27-121415-\u041f\u041f.jpg 1280w, https:\/\/north.md\/wp-content\/uploads\/2024\/05\/IMAGE-2024-05-27-121415-\u041f\u041f-300x225.jpg 300w, https:\/\/north.md\/wp-content\/uploads\/2024\/05\/IMAGE-2024-05-27-121415-\u041f\u041f-1024x769.jpg 1024w, https:\/\/north.md\/wp-content\/uploads\/2024\/05\/IMAGE-2024-05-27-121415-\u041f\u041f-768x577.jpg 768w, https:\/\/north.md\/wp-content\/uploads\/2024\/05\/IMAGE-2024-05-27-121415-\u041f\u041f-16x12.jpg 16w\" sizes=\"(max-width: 1280px) 100vw, 1280px\" \/><\/div><\/a>\n\t\t\t\t<div class=\"elementor-post__text\">\n\t\t\t\t<h3 class=\"elementor-post__title\">\n\t\t\t<a href=\"https:\/\/north.md\/ro\/magazin\/incaltaminte-barbati-femei-copii\/\" >\n\t\t\t\t\u00ceNC\u0102L\u021a\u0102MINTE b\u0103rba\u021bi femei copii\t\t\t<\/a>\n\t\t<\/h3>\n\t\t\t\t<div class=\"elementor-post__excerpt\">\n\t\t\t<p>\u00ceNC\u0102L\u021a\u0102MINTE &#8212; \u041e\u0431\u0443\u0432\u044c \u0434\u043b\u044f \u0432\u0441\u0435\u0439 \u0441\u0435\u043c\u044c\u0438 \u0432 \u0431\u043e\u043b\u044c\u0448\u043e\u043c \u0430\u0441\u0441\u043e\u0440\u0442\u0438\u043c\u0435\u043d\u0442\u0435 \u043f\u0440\u0435\u0434\u0441\u0442\u0430\u0432\u043b\u0435\u043d\u0430<\/p>\n\t\t<\/div>\n\t\t\t\t<\/div>\n\t\t\t\t\t<\/div>\n\t\t<\/article>\n\t\t\t\t<article class=\"elementor-post elementor-grid-item post-717 magazin type-magazin status-publish has-post-thumbnail hentry category-pantofi-femei category-pantofi-barbati\">\n\t\t\t<div class=\"elementor-post__card\">\n\t\t\t\t<a class=\"elementor-post__thumbnail__link\" href=\"https:\/\/north.md\/ro\/magazin\/elegance-2\/\" ><div class=\"elementor-post__thumbnail\"><img loading=\"lazy\" decoding=\"async\" width=\"2560\" height=\"1922\" src=\"https:\/\/north.md\/wp-content\/uploads\/2024\/05\/IMG_20240519_110113-scaled.jpg\" class=\"attachment-full size-full wp-image-718\" alt=\"\" srcset=\"https:\/\/north.md\/wp-content\/uploads\/2024\/05\/IMG_20240519_110113-scaled.jpg 2560w, https:\/\/north.md\/wp-content\/uploads\/2024\/05\/IMG_20240519_110113-300x225.jpg 300w, https:\/\/north.md\/wp-content\/uploads\/2024\/05\/IMG_20240519_110113-1024x769.jpg 1024w, https:\/\/north.md\/wp-content\/uploads\/2024\/05\/IMG_20240519_110113-768x577.jpg 768w, https:\/\/north.md\/wp-content\/uploads\/2024\/05\/IMG_20240519_110113-1536x1153.jpg 1536w, https:\/\/north.md\/wp-content\/uploads\/2024\/05\/IMG_20240519_110113-2048x1538.jpg 2048w, https:\/\/north.md\/wp-content\/uploads\/2024\/05\/IMG_20240519_110113-16x12.jpg 16w\" sizes=\"(max-width: 2560px) 100vw, 2560px\" \/><\/div><\/a>\n\t\t\t\t<div class=\"elementor-post__text\">\n\t\t\t\t<h3 class=\"elementor-post__title\">\n\t\t\t<a href=\"https:\/\/north.md\/ro\/magazin\/elegance-2\/\" >\n\t\t\t\tELEGANCE\t\t\t<\/a>\n\t\t<\/h3>\n\t\t\t\t<div class=\"elementor-post__excerpt\">\n\t\t\t<p>ELEGANCE &#8212; \u042d\u043b\u0435\u0433\u0430\u043d\u0442\u043d\u0430\u044f \u043e\u0431\u0443\u0432\u044c \u0434\u043b\u044f \u0432\u0441\u0435\u0439 \u0441\u0435\u043c\u044c\u0438<\/p>\n\t\t<\/div>\n\t\t\t\t<\/div>\n\t\t\t\t\t<\/div>\n\t\t<\/article>\n\t\t\t\t<article class=\"elementor-post elementor-grid-item post-713 magazin type-magazin status-publish has-post-thumbnail hentry category-pantofi-barbati\">\n\t\t\t<div class=\"elementor-post__card\">\n\t\t\t\t<a class=\"elementor-post__thumbnail__link\" href=\"https:\/\/north.md\/ro\/magazin\/basconi\/\" ><div class=\"elementor-post__thumbnail\"><img loading=\"lazy\" decoding=\"async\" width=\"2560\" height=\"1922\" src=\"https:\/\/north.md\/wp-content\/uploads\/2024\/05\/IMG_20240519_110059-scaled.jpg\" class=\"attachment-full size-full wp-image-714\" alt=\"\" srcset=\"https:\/\/north.md\/wp-content\/uploads\/2024\/05\/IMG_20240519_110059-scaled.jpg 2560w, https:\/\/north.md\/wp-content\/uploads\/2024\/05\/IMG_20240519_110059-300x225.jpg 300w, https:\/\/north.md\/wp-content\/uploads\/2024\/05\/IMG_20240519_110059-1024x769.jpg 1024w, https:\/\/north.md\/wp-content\/uploads\/2024\/05\/IMG_20240519_110059-768x577.jpg 768w, https:\/\/north.md\/wp-content\/uploads\/2024\/05\/IMG_20240519_110059-1536x1153.jpg 1536w, https:\/\/north.md\/wp-content\/uploads\/2024\/05\/IMG_20240519_110059-2048x1538.jpg 2048w, https:\/\/north.md\/wp-content\/uploads\/2024\/05\/IMG_20240519_110059-16x12.jpg 16w\" sizes=\"(max-width: 2560px) 100vw, 2560px\" \/><\/div><\/a>\n\t\t\t\t<div class=\"elementor-post__text\">\n\t\t\t\t<h3 class=\"elementor-post__title\">\n\t\t\t<a href=\"https:\/\/north.md\/ro\/magazin\/basconi\/\" >\n\t\t\t\tBASCONI\t\t\t<\/a>\n\t\t<\/h3>\n\t\t\t\t<div class=\"elementor-post__excerpt\">\n\t\t\t<p>BASCONI &#8212; \u0411\u0443\u0442\u0438\u043a \u043c\u0443\u0436\u0441\u043a\u043e\u0439 \u043e\u0431\u0443\u0432\u0438<\/p>\n\t\t<\/div>\n\t\t\t\t<\/div>\n\t\t\t\t\t<\/div>\n\t\t<\/article>\n\t\t\t\t<\/div>\n\t\t\t\t\t<span class=\"e-load-more-spinner\">\n\t\t\t\t<svg aria-hidden=\"true\" class=\"e-font-icon-svg e-fas-spinner\" viewbox=\"0 0 512 512\" xmlns=\"http:\/\/www.w3.org\/2000\/svg\"><path d=\"M304 48c0 26.51-21.49 48-48 48s-48-21.49-48-48 21.49-48 48-48 48 21.49 48 48zm-48 368c-26.51 0-48 21.49-48 48s21.49 48 48 48 48-21.49 48-48-21.49-48-48-48zm208-208c-26.51 0-48 21.49-48 48s21.49 48 48 48 48-21.49 48-48-21.49-48-48-48zM96 256c0-26.51-21.49-48-48-48S0 229.49 0 256s21.49 48 48 48 48-21.49 48-48zm12.922 99.078c-26.51 0-48 21.49-48 48s21.49 48 48 48 48-21.49 48-48c0-26.509-21.491-48-48-48zm294.156 0c-26.51 0-48 21.49-48 48s21.49 48 48 48 48-21.49 48-48c0-26.509-21.49-48-48-48zM108.922 60.922c-26.51 0-48 21.49-48 48s21.49 48 48 48 48-21.49 48-48-21.491-48-48-48z\"><\/path><\/svg>\t\t\t<\/span>\n\t\t\n\t\t\t\t\t\t<\/div>\n\t\t\t\t<\/div>\n\t\t\t\t\t<\/div>\n\t\t\t\t<\/div>\n\t\t\t\t<\/div>","protected":false},"excerpt":{"rendered":"<p>\u041c\u0443\u0436\u0441\u043a\u0430\u044f \u043e\u0431\u0443\u0432\u044c NORTH Bussiness &amp; Shopping &#8212; \u0417\u0434\u0435\u0441\u044c \u0432\u044b \u043d\u0430\u0439\u0434\u0451\u0442\u0435 \u0448\u0438\u0440\u043e\u043a\u0438\u0439 \u0432\u044b\u0431\u043e\u0440 \u0442\u043e\u0432\u0430\u0440\u043e\u0432 \u0438 \u0443\u0441\u043b\u0443\u0433 \u0434\u043b\u044f \u0432\u0430\u0448\u0435\u0433\u043e \u0431\u0438\u0437\u043d\u0435\u0441\u0430 \u0438 \u043f\u043e\u0432\u0441\u0435\u0434\u043d\u0435\u0432\u043d\u043e\u0439 \u0436\u0438\u0437\u043d\u0438.<\/p>","protected":false},"author":1,"featured_media":0,"parent":0,"menu_order":0,"comment_status":"closed","ping_status":"closed","template":"elementor_header_footer","meta":{"_acf_changed":false,"_monsterinsights_skip_tracking":false,"_monsterinsights_sitenote_active":false,"_monsterinsights_sitenote_note":"","_monsterinsights_sitenote_category":0,"footnotes":""},"class_list":["post-1034","page","type-page","status-publish","hentry"],"acf":[],"aioseo_notices":[],"_links":{"self":[{"href":"https:\/\/north.md\/ro\/wp-json\/wp\/v2\/pages\/1034","targetHints":{"allow":["GET"]}}],"collection":[{"href":"https:\/\/north.md\/ro\/wp-json\/wp\/v2\/pages"}],"about":[{"href":"https:\/\/north.md\/ro\/wp-json\/wp\/v2\/types\/page"}],"author":[{"embeddable":true,"href":"https:\/\/north.md\/ro\/wp-json\/wp\/v2\/users\/1"}],"replies":[{"embeddable":true,"href":"https:\/\/north.md\/ro\/wp-json\/wp\/v2\/comments?post=1034"}],"version-history":[{"count":4,"href":"https:\/\/north.md\/ro\/wp-json\/wp\/v2\/pages\/1034\/revisions"}],"predecessor-version":[{"id":1038,"href":"https:\/\/north.md\/ro\/wp-json\/wp\/v2\/pages\/1034\/revisions\/1038"}],"wp:attachment":[{"href":"https:\/\/north.md\/ro\/wp-json\/wp\/v2\/media?parent=1034"}],"curies":[{"name":"wp","href":"https:\/\/api.w.org\/{rel}","templated":true}]}}